{"id":22144,"date":"2017-07-10T07:58:33","date_gmt":"2017-07-10T07:58:33","guid":{"rendered":"https:\/\/www.archtam.com\/?page_id=22144"},"modified":"2017-09-06T09:12:12","modified_gmt":"2017-09-06T13:12:12","slug":"linking-continents-sea","status":"publish","type":"page","link":"https:\/\/www.archtam.com\/think-ahead-issue-no-1-2017\/linking-continents-sea\/","title":{"rendered":"Linking continents under the\u00a0sea"},"content":{"rendered":"<p>Istanbul has tried a number of solutions to tackle the traffic congestion that has resulted from its rapid urbanisation and population growth. This includes constructing motorways crossing the city from south to north, and bridges over the Bosphorus strait, the narrow waterway splitting the city and forming the continental boundary between Europe and Asia.<\/p>\n<p>Today, it is developing a number of innovative subsea projects under the strait. One in particular is set to make a splash as a global contemporary architectural icon.<\/p>\n<p>&nbsp;<\/p>\n<h4>Going undersea<\/h4>\n<p>It was only recently that Istanbul \u2014 known as the City on the Seven Hills \u2014 embraced new tunnelling methods and began investing public funds in a programme to build \u201cseven tunnels for seven hills.\u201d The new technology also enabled Istanbul Metropolitan Municipality to explore going under, rather than over, the Bosphorus and a\u00a0number of projects have followed.<\/p>\n<p>The first project to go under the strait was the initial phase of the Marmaray rail tunnel, which opened in October 2013, while in February 2015 the city announced plans for a three-level tunnel for vehicles and the metro. Set for completion in 2020, some are calling it the Great\u00a0Istanbul\u00a0Tunnel.<\/p>\n<p>In December 2016, Istanbul opened the Eurasia Tunnel, a double-deck subsea tunnel for vehicles. And not long after, excavation work began for the \u00dcsk\u00fcdar-Kabata\u015f tunnel \u2014 a subsea tunnel for pedestrians and cyclists. When completed in 2019, it will be the first of its kind in the world.<\/p>\n<p>&nbsp;<\/p>\n<h4>Catering for all<\/h4>\n<p>The new two-storey \u00dcsk\u00fcdar-Kabata\u015f tunnel will run for approximately 2km and connect \u00dcsk\u00fcdar and Kabata\u015f, on the Asian and European side, respectively. It will connect mass transit centres (the entry\/exit at Kabata\u015f is by the pier and metro line, while the other side is near \u00dcsk\u00fcdar metro station and seaport) and will serve as an alternative to current ferry\u00a0services.<\/p>\n<p>The comfort of travellers is paramount. The tunnel, designed to promote walking, will be spacious and have large areas in the middle for exhibitions, interaction and leisure activities. On the upper deck, pedestrians will have the option of using travellators to cross the tunnel faster, or walking along at their own pace. Underneath, bicycle lanes will enable cyclists to speed through the tunnel, and a track for light electric vehicles will transport people who have trouble walking.<\/p>\n<p>&nbsp;<\/p>\n<h4>Tale of two methods<\/h4>\n<p>The team behind the concept, led by Project Director Serkan Mahmutoglu, Project Manager \u00d6zkan Hayta and Technical Lead \u00d6zt\u00fcrk \u00d6zg\u00fcr, has extensive experience in cutting-edge subsea tunnel schemes including the so-called \u201cUnkapan\u0131\u00a0Underwater Motorway Bridge\u201d, an immersed tube on piles traversing through the water\u00a0column.<\/p>\n<p>The team analysed how to construct the tunnel using two different methods: an Immersed Tube Tunnel (IMT) and a Tunnel Boring Machine (TBM). IMT involves dredging and then sinking into place a collection of segments that link together to form an underwater tunnel. A TBM excavates tunnels by boring through rock and soil.<\/p>\n<p>The team identified a TBM as the preferred option because the single large diameter construction would be quicker, more cost-effective and have no major impact on marine traffic. It would also excavate much less mass than an IMT (making it friendlier to the environment) and would allow enough space on top for installing jet fans\u00a0for\u00a0ventilation.<\/p>\n<p>&nbsp;<\/p>\n<h4>An architectural wonder<\/h4>\n<p>Although primarily being constructed to meet the travel needs of Istanbulites, the interior of the new tunnel will echo the city\u2019s architecture to enrich the experience of people travelling between Istanbul\u2019s Asian and European parts.<\/p>\n<p>The tunnel\u2019s architect, Erik Behrens \u2013 who played a key role in delivering the design for the London 2012 Olympics &#8211; took inspiration from the city\u2019s skyline and stunning churches and mosques to envisage a vibrant undersea chamber.<\/p>\n<p>With intricately designed cladding panels and interspersed with artificial light wells in the ceiling, the ornate tunnel will give pedestrians and cyclists the impression of going on a journey through the city\u2019s 8,000-year history. It\u00a0is an ambitious, breathtaking concept \u2014 a modern architectural design that recently won the 2016 World Architecture News Future Projects Transport Award.<\/p>\n<p>And to celebrate the historic location, it\u2019s perhaps fitting that Behrens has designed a space for exhibitions and events at the tunnel\u2019s midpoint, at the point where East meets West, at the heart of what are called \u2014 and what will be known for generations to come as \u2014 The Underwater Domes of Istanbul.<\/p>\n","protected":false},"excerpt":{"rendered":"<p>Istanbul has tried a number of solutions to tackle the traffic congestion that has resulted from its rapid urbanisation and population growth. This includes constructing motorways crossing the city from south to north, and bridges over the Bosphorus strait, the narrow waterway splitting the city and forming the continental boundary between Europe and Asia. Today,&#8230;<\/p>\n","protected":false},"author":293,"featured_media":0,"parent":22102,"menu_order":5,"comment_status":"closed","ping_status":"closed","template":"","meta":{"_acf_changed":false,"footnotes":""},"yst_prominent_words":[874,843],"class_list":["post-22144","page","type-page","status-publish","hentry"],"acf":[],"_links":{"self":[{"href":"https:\/\/www.archtam.com\/wp-json\/wp\/v2\/pages\/22144","targetHints":{"allow":["GET"]}}],"collection":[{"href":"https:\/\/www.archtam.com\/wp-json\/wp\/v2\/pages"}],"about":[{"href":"https:\/\/www.archtam.com\/wp-json\/wp\/v2\/types\/page"}],"author":[{"embeddable":true,"href":"https:\/\/www.archtam.com\/wp-json\/wp\/v2\/users\/293"}],"replies":[{"embeddable":true,"href":"https:\/\/www.archtam.com\/wp-json\/wp\/v2\/comments?post=22144"}],"version-history":[{"count":0,"href":"https:\/\/www.archtam.com\/wp-json\/wp\/v2\/pages\/22144\/revisions"}],"up":[{"embeddable":true,"href":"https:\/\/www.archtam.com\/wp-json\/wp\/v2\/pages\/22102"}],"wp:attachment":[{"href":"https:\/\/www.archtam.com\/wp-json\/wp\/v2\/media?parent=22144"}],"wp:term":[{"taxonomy":"yst_prominent_words","embeddable":true,"href":"https:\/\/www.archtam.com\/wp-json\/wp\/v2\/yst_prominent_words?post=22144"}],"curies":[{"name":"wp","href":"https:\/\/api.w.org\/{rel}","templated":true}]}}