{"id":2776,"date":"2015-09-22T18:47:30","date_gmt":"2015-09-22T18:47:30","guid":{"rendered":"https:\/\/www.archtam.com\/?page_id=2776"},"modified":"2026-02-04T18:36:46","modified_gmt":"2026-02-04T23:36:46","slug":"small-business-supplier-diversity","status":"publish","type":"page","link":"https:\/\/www.archtam.com\/our-supply-chain\/small-business-supplier-diversity\/","title":{"rendered":"Small Business\/Supplier Diversity"},"content":{"rendered":"\n<p class=\"editor-emphasized\">ArchTam recognizes the important role small businesses play in our economy and believes in contributing to the communities in which we work.<\/p>\n\n\n\n<p>We believe that small and diverse businesses bring innovation and expertise that assist ArchTam in supporting our customers and their missions. To learn more about the work we do and what we seek from our suppliers, please visit the <a href=\"https:\/\/www.archtam.com\/services\/\">Services<\/a> section of our website.<\/p>\n\n\n\n<p>ArchTam continuously seeks to identify new small and diverse firms to support our work across our markets. To facilitate the introduction of new small and diverse suppliers, ArchTam engages in a robust outreach program to identify qualified and ethical firms. In addition to hosting outreach events, we take part in client and industry events that provide an opportunity for small and diverse firms to network and market their products and services to us. To see a sampling of our outreach events for this year and to learn more about the events we will be attending, please visit our Outreach Calendar or contact one of our Supplier Diversity Staff.<\/p>\n\n\n\n<p>Our reputation as an industry leader in the support of small and diverse firms can be seen in our participation in mentor-prot\u00e9g\u00e9 and through the awards and commendations ArchTam has received from governmental agencies and regional minority councils. ArchTam has a long history of mentoring small and diverse firms and has received numerous awards for our efforts in the area of mentor-prot\u00e9g\u00e9. To learn more about our approach to mentor-prot\u00e9g\u00e9 and what we look for in potential prot\u00e9g\u00e9s please visit our mentor-prot\u00e9g\u00e9 page.<\/p>\n\n\n\n<div class=\"aecom-custom-block block-facts\"\n    style=\"margin-top: 0px; margin-bottom: 40px\">\n\n            <h2>Helpful Links<\/h2>\n        <ul class=\"list-style-bullets\">\n                    <li>\n                                    <a href=\"https:\/\/www.archtam.com\/wp-content\/uploads\/2024\/07\/ActiveMPAgreements.pdf\"\n                        target=\"_blank\">Active ArchTam Mentor-Prot\u00e9g\u00e9 Agreements<\/a>\n                            <\/li>\n                    <li>\n                                    <a href=\"https:\/\/www.archtam.com\/wp-content\/uploads\/2026\/02\/ArchTam_SD_POCs_2026-1.pdf\"\n                        target=\"_self\">Supplier Diversity Staff Contact Information<\/a>\n                            <\/li>\n                    <li>\n                                    <a href=\"https:\/\/www.archtam.com\/our-supply-chain\/small-business-supplier-diversity\/mentor-protege-program\/\"\n                        target=\"_blank\">Mentor-Prot\u00e9g\u00e9 Program<\/a>\n                            <\/li>\n                    <li>\n                                    <a href=\"https:\/\/www.archtam.com\/content\/small-businesssupplier-diversity\/awards\/\"\n                        target=\"_self\">Supplier Diversity Awards<\/a>\n                            <\/li>\n                    <li>\n                                    <a href=\"https:\/\/www.archtam.com\/content\/wp-content\/uploads\/2021\/09\/Supplier-Diversity-Commitment-1.pdf\"\n                        target=\"_blank\">Supplier Diversity Commitment Statement<\/a>\n                            <\/li>\n                    <li>\n                                    <a href=\"https:\/\/www.archtam.com\/wp-content\/uploads\/2026\/02\/SBOutreachCalendar_2026.pdf\"\n                        target=\"_self\">Outreach Calendar<\/a>\n                            <\/li>\n            <\/ul>\n<\/div>","protected":false},"excerpt":{"rendered":"<p>ArchTam recognizes the important role small businesses play in our economy and believes in contributing to the communities in which we work. We believe that small and diverse businesses bring innovation and expertise that assist ArchTam in supporting our customers and their missions. To learn more about the work we do and what we seek&#8230;<\/p>\n","protected":false},"author":10,"featured_media":12083,"parent":38892,"menu_order":60,"comment_status":"closed","ping_status":"closed","template":"","meta":{"_acf_changed":false,"footnotes":""},"yst_prominent_words":[870,744],"class_list":["post-2776","page","type-page","status-publish","has-post-thumbnail","hentry"],"acf":[],"_links":{"self":[{"href":"https:\/\/www.archtam.com\/wp-json\/wp\/v2\/pages\/2776","targetHints":{"allow":["GET"]}}],"collection":[{"href":"https:\/\/www.archtam.com\/wp-json\/wp\/v2\/pages"}],"about":[{"href":"https:\/\/www.archtam.com\/wp-json\/wp\/v2\/types\/page"}],"author":[{"embeddable":true,"href":"https:\/\/www.archtam.com\/wp-json\/wp\/v2\/users\/10"}],"replies":[{"embeddable":true,"href":"https:\/\/www.archtam.com\/wp-json\/wp\/v2\/comments?post=2776"}],"version-history":[{"count":3,"href":"https:\/\/www.archtam.com\/wp-json\/wp\/v2\/pages\/2776\/revisions"}],"predecessor-version":[{"id":45124,"href":"https:\/\/www.archtam.com\/wp-json\/wp\/v2\/pages\/2776\/revisions\/45124"}],"up":[{"embeddable":true,"href":"https:\/\/www.archtam.com\/wp-json\/wp\/v2\/pages\/38892"}],"wp:featuredmedia":[{"embeddable":true,"href":"https:\/\/www.archtam.com\/wp-json\/wp\/v2\/media\/12083"}],"wp:attachment":[{"href":"https:\/\/www.archtam.com\/wp-json\/wp\/v2\/media?parent=2776"}],"wp:term":[{"taxonomy":"yst_prominent_words","embeddable":true,"href":"https:\/\/www.archtam.com\/wp-json\/wp\/v2\/yst_prominent_words?post=2776"}],"curies":[{"name":"wp","href":"https:\/\/api.w.org\/{rel}","templated":true}]}}