{"id":3375,"date":"2015-10-17T20:07:14","date_gmt":"2015-10-17T20:07:14","guid":{"rendered":"https:\/\/www.archtam.com\/?page_id=3375"},"modified":"2024-12-09T14:40:33","modified_gmt":"2024-12-09T19:40:33","slug":"awards","status":"publish","type":"page","link":"https:\/\/www.archtam.com\/our-supply-chain\/awards\/","title":{"rendered":"Awards"},"content":{"rendered":"<table>\n<tbody>\n<tr>\n<td style=\"text-align: center\" colspan=\"4\">\n<h1>ArchTam Small Business Program Awards<\/h1>\n<\/td>\n<\/tr>\n<tr>\n<td style=\"width: 60px\">\n<h2>\u00a0Year<\/h2>\n<\/td>\n<td style=\"width: 500px\">\n<h2>\u00a0Award<\/h2>\n<\/td>\n<td style=\"width: 50px\"><\/td>\n<td style=\"width: 500px\">\n<h2>\u00a0Awarding Organization or Agency<\/h2>\n<\/td>\n<\/tr>\n<tr>\n<td>2024<\/td>\n<td style=\"width: 500px\">Top 10 Military Friendly\u00ae Supplier Diversity Program<\/td>\n<td><\/td>\n<td>VIQTORY<\/td>\n<\/tr>\n<tr>\n<td>2023<\/td>\n<td style=\"width: 500px\">Champions of Veteran Enterprise<\/td>\n<td><\/td>\n<td>National Veteran Small Business Coalition (NVSBC)<\/td>\n<\/tr>\n<tr>\n<td>2023<\/td>\n<td style=\"width: 500px\">Top 10 Military Friendly\u00ae Supplier Diversity Program<\/td>\n<td><\/td>\n<td>VIQTORY<\/td>\n<\/tr>\n<tr>\n<td>2022<\/td>\n<td style=\"width: 500px\">Best of the Best &#8211; Top Supplier Diversity Program<\/td>\n<td><\/td>\n<td>U.S. Veterans Magazine<\/td>\n<\/tr>\n<tr>\n<td>2022<\/td>\n<td style=\"width: 500px\">Industry Small Business Advocate Award &#8211; Shawn Ralston<\/td>\n<td><\/td>\n<td>Society of American Military Engineers<\/td>\n<\/tr>\n<tr>\n<td>2022<\/td>\n<td style=\"width: 500px\">Champions of Veteran Enterprise<\/td>\n<td><\/td>\n<td>National Veteran Small Business Coalition (NVSBC)<\/td>\n<\/tr>\n<tr>\n<td>2022<\/td>\n<td style=\"width: 500px\">Top 10 Military Friendly\u00ae Supplier Diversity Program<\/td>\n<td><\/td>\n<td>VIQTORY<\/td>\n<\/tr>\n<tr>\n<td>2021<\/td>\n<td style=\"width: 500px\">Best of the Best &#8211; Top Supplier Diversity Programs<\/td>\n<td><\/td>\n<td>U.S. Veterans Magazine<\/td>\n<\/tr>\n<tr>\n<td>2021<\/td>\n<td style=\"width: 500px\">Top 10 Military Friendly\u00ae Supplier Diversity Program<\/td>\n<td><\/td>\n<td>VIQTORY<\/td>\n<\/tr>\n<tr>\n<td>2020<\/td>\n<td style=\"width: 500px\">#1 Military Friendly\u00ae Supplier Diversity Program<\/td>\n<td><\/td>\n<td>VIQTORY<\/td>\n<\/tr>\n<tr>\n<td>2020<\/td>\n<td style=\"width: 500px\">Best of the Best &#8211; Top Supplier Diversity Program<\/td>\n<td><\/td>\n<td>U.S. Veterans Magazine<\/td>\n<\/tr>\n<tr>\n<td>2020<\/td>\n<td style=\"width: 500px\">Champions of Veteran Enterprise<\/td>\n<td><\/td>\n<td>National Veteran Small Business Coalition (NVSBC)<\/td>\n<\/tr>\n<tr>\n<td>2019<\/td>\n<td style=\"width: 500px\">Large Business Award for Support to Federal Small Business Programs<\/td>\n<td><\/td>\n<td>U.S. Veterans Magazine<\/td>\n<\/tr>\n<tr>\n<td>2019<\/td>\n<td style=\"width: 500px\">Outstanding Woman Award: Doreen Taveras (ArchTam)<\/td>\n<td><\/td>\n<td>Women Builders Council<\/td>\n<\/tr>\n<tr>\n<td>2019<\/td>\n<td style=\"width: 500px\">#1 Military Friendly\u00ae Supplier Diversity Program<\/td>\n<td><\/td>\n<td>VIQTORY<\/td>\n<\/tr>\n<tr>\n<td>2018<\/td>\n<td style=\"width: 500px\">Arizona Million Dollar Circle of Excellence<\/td>\n<td><\/td>\n<td>Arizona Hispanic Chamber of Commerce<\/td>\n<\/tr>\n<tr>\n<td>2018<\/td>\n<td style=\"width: 500px\">Industry Small Business Advocate Award &#8211; Shawn Ralston<\/td>\n<td><\/td>\n<td>Society of American Military Engineers<\/td>\n<\/tr>\n<tr>\n<td>2018<\/td>\n<td style=\"width: 500px\">ACI-NA Inclusion Champion Awards (Associate Inclusion Champion)<\/td>\n<td><\/td>\n<td>Airports Council International-North America (ACI-NA)<\/td>\n<\/tr>\n<tr>\n<td>2018<\/td>\n<td style=\"width: 500px\">Supplier Diversity Prime Supplier of the Year Award<\/td>\n<td><\/td>\n<td>Tennessee Valley Authority<\/td>\n<\/tr>\n<tr>\n<td>2018<\/td>\n<td style=\"width: 500px\">Best of the Best &#8211; Top Supplier Diversity Programs<\/td>\n<td><\/td>\n<td>U.S. Veterans Magazine<\/td>\n<\/tr>\n<tr>\n<td>2018<\/td>\n<td style=\"width: 500px\">Champions of Veteran Enterprise<\/td>\n<td><\/td>\n<td>National Veteran Small Business Coalition (NVSBC)<\/td>\n<\/tr>\n<tr>\n<td>2018<\/td>\n<td style=\"width: 500px\">HACIA Mentor-Prot\u00e9g\u00e9 of the Year Award<\/td>\n<td><\/td>\n<td>Hispanic American Construction Industry Association<\/td>\n<\/tr>\n<tr>\n<td>2018<\/td>\n<td style=\"width: 500px\">Top 10 Military Friendly\u00ae Supplier Diversity Program<\/td>\n<td><\/td>\n<td>VIQTORY<\/td>\n<\/tr>\n<tr>\n<td>2017<\/td>\n<td style=\"width: 500px\">Small Business Industry Award (SBIA) &#8211; Large Business Prime Contractor of the Year Award<\/td>\n<td><\/td>\n<td>NASA\/AMES Research Center<\/td>\n<\/tr>\n<tr>\n<td>2017<\/td>\n<td style=\"width: 500px\"><i>Large Business Prime Contractor Excellence Award<\/i><\/td>\n<td><\/td>\n<td><i>NASA\/Marshall Space Flight Center<\/i><\/td>\n<\/tr>\n<tr>\n<td>2017<\/td>\n<td style=\"width: 500px\"><i>Small Business Industry Award (SBIA) &#8211; Mentor-Prot\u00e9g\u00e9 Agreement of the Year<\/i><\/td>\n<td><\/td>\n<td><i>NASA\/Marshall Space Flight Center<\/i><\/td>\n<\/tr>\n<tr>\n<td>2017<\/td>\n<td style=\"width: 500px\"><i>Best Corporations for Veteran&#8217;s Business Enterprises<\/i><\/td>\n<td><\/td>\n<td>National Veteran-Owned Business Association (NaVOBA)<\/td>\n<\/tr>\n<tr>\n<td>2017<\/td>\n<td style=\"width: 500px\"><i>Best of the Best &#8211; Top Supplier Diversity Programs<\/i><\/td>\n<td><\/td>\n<td><i>U.S. Veterans Magazine<\/i><\/td>\n<\/tr>\n<tr>\n<td>2017<\/td>\n<td style=\"width: 500px\"><i>Champions of Veteran Enterprise<\/i><\/td>\n<td><\/td>\n<td>National Veteran Small Business Coalition (NVSBC)<\/td>\n<\/tr>\n<tr>\n<td>2017<\/td>\n<td style=\"width: 500px\">Department of Energy, Mentor of the Year Award\u00a0 (Washington River Protection Solutions)<\/td>\n<td><\/td>\n<td>Department of Energy<\/td>\n<\/tr>\n<tr>\n<td>2016<\/td>\n<td style=\"width: 500px\">Top Military Friendly Supplier Diversity Programs<\/td>\n<td><\/td>\n<td>National Veteran-Owned Business Association (NaVOBA)<\/td>\n<\/tr>\n<tr>\n<td>2016<\/td>\n<td style=\"width: 500px\">Best of the Best &#8211; Top Supplier Diversity Programs<\/td>\n<td><\/td>\n<td>U.S. Veterans Magazine<\/td>\n<\/tr>\n<tr>\n<td>\u00a02015<\/td>\n<td style=\"width: 500px\">America&#8217;s Top Corporations for Women&#8217;s Business Enterprise<\/td>\n<td><\/td>\n<td>Women&#8217;s Business Enterprise National Council (WBENC)<\/td>\n<\/tr>\n<tr>\n<td>\u00a02015<\/td>\n<td>Champions of Veteran Enterprise<\/td>\n<td><\/td>\n<td>National Veteran Small Business Coalition (NVSBC)<\/td>\n<\/tr>\n<tr>\n<td>\u00a02015<\/td>\n<td>Top Military Friendly Supplier Diversity Programs<\/td>\n<td><\/td>\n<td>National Veteran-Owned Business Association (NaVOBA)<\/td>\n<\/tr>\n<tr>\n<td><em>\u00a02014<\/em><\/td>\n<td><em>\u00a025 Best Corporations for Veteran\u2010owned Businesses<\/em><\/td>\n<td><\/td>\n<td><em>\u00a0National Veteran-owned Business Association (NaVOBA)<\/em><\/td>\n<\/tr>\n<tr>\n<td><em>2014<\/em><\/td>\n<td><em>\u00a0Champion of Veteran Enterprise Award<\/em><\/td>\n<td><em>\u00a0<\/em><\/td>\n<\/tr>\n<tr>\n<td><em>2014<\/em><\/td>\n<td><em>\u00a0Best of the Best &#8211; Top Supplier Diversity Programs<\/em><\/td>\n<td><\/td>\n<td><em>\u00a0U.S. Veterans Magazine<\/em><\/td>\n<\/tr>\n<tr>\n<td><em>2014<\/em><\/td>\n<td><em>\u00a0Best of the Best &#8211; Top Veteran-Friendly Companies<\/em><\/td>\n<td><\/td>\n<td><em>\u00a0U.S. Veterans Magazine<\/em><\/td>\n<\/tr>\n<tr>\n<td style=\"text-align: left\"><em>2014<\/em><\/td>\n<td><em>\u00a0Champion of Diversity<\/em><\/td>\n<td><\/td>\n<td><em>\u00a0DiversityPlus Magazine<\/em><\/td>\n<\/tr>\n<tr>\n<td style=\"text-align: left\"><em>2014<\/em><\/td>\n<td><em>America&#8217;s Top Corporations for Women&#8217;s Business Enterprise<\/em><\/td>\n<td><\/td>\n<td><em>Women&#8217;s Business Enterprise National Council (WBENC)<\/em><\/td>\n<\/tr>\n<tr>\n<td style=\"text-align: left\">\u00a02013<\/td>\n<td style=\"text-align: left\">\u00a0Received an Outstanding Small Business Program Audit Rating<\/td>\n<td style=\"text-align: left\"><\/td>\n<td>\u00a0Defense Contracts Management Agency (DCMA)<\/td>\n<\/tr>\n<tr>\n<td><em>\u00a02013<\/em><\/td>\n<td><em>\u00a0Small Business Advocate Award<\/em><\/td>\n<td><\/td>\n<td><em>\u00a0Greater Los Angeles African American Chamber of Commerce (GLAACC)<\/em><\/td>\n<\/tr>\n<tr>\n<td><em>\u00a02013<\/em><\/td>\n<td><em>\u00a0Five Best Defense Companies for Veteran-Owned Businesses<\/em><\/td>\n<td style=\"width: 50px\"><\/td>\n<td><em>\u00a0National Veteran-owned Business Association (NaVOBA)<\/em><\/td>\n<\/tr>\n<tr>\n<td><em>\u00a02013<\/em><\/td>\n<td><em>\u00a0Champion of Veteran Enterprise Award<\/em><\/td>\n<td><\/td>\n<td><em>\u00a0National Veterans Small Business Coalition<\/em><\/td>\n<\/tr>\n<tr>\n<td><em>2013<\/em><\/td>\n<td><em>Small Business Industry Award (SBIA) &#8211; Large Business Prime Contractor of the Year Award<\/em><\/td>\n<td><\/td>\n<td><em>NASA\/Kennedy Space Center <\/em><\/td>\n<\/tr>\n<tr>\n<td><em>\u00a02012<\/em><\/td>\n<td><em>Department of Energy, Mentor of the Year Award (Washington River Protection Solutions)<\/em><\/td>\n<td><\/td>\n<td><em>\u00a0Department of Energy<\/em><\/td>\n<\/tr>\n<tr>\n<td><em>2012<\/em><\/td>\n<td><em>Champions of Veterans Enterprise<\/em><\/td>\n<td><\/td>\n<td><em>National Veterans Small Business Coalition<\/em><\/td>\n<\/tr>\n<tr>\n<td><em>2012<\/em><\/td>\n<td><em>Prime Contractor Diversity Supplier Program of the Year<\/em><\/td>\n<td><\/td>\n<td><em>Edison Electric Institute (EEI)<\/em><\/td>\n<\/tr>\n<tr>\n<td><em>2012<\/em><\/td>\n<td><em>President&#8217;s Award<\/em><\/td>\n<td><\/td>\n<td><em>Astra Women&#8217;s Business Alliance<\/em><\/td>\n<\/tr>\n<tr>\n<td>2011<\/td>\n<td>Small Business Industry Award (SBIA) &#8211; Large Business Prime Contractor of the Year Award<\/td>\n<td><\/td>\n<td>NASA\/AMES Research Center<\/td>\n<\/tr>\n<tr>\n<td>2011<\/td>\n<td>Large Business Award for Outstanding Small Business Subcontracting Performance in Support of DoD Programs<\/td>\n<td><\/td>\n<td>Society of American Military Engineers (SAME)<\/td>\n<\/tr>\n<tr>\n<td><em>2011<\/em><\/td>\n<td><em>Management &amp; Operations Procurement Director of the Year \u2013 John Robinson, Hanford Tank Operations<\/em><\/td>\n<td><\/td>\n<td><em>Department of Energy\u2019s Office of Small and Disadvantaged Business Utilization<\/em><\/td>\n<\/tr>\n<tr>\n<td><em>2011<\/em><\/td>\n<td><em>One of the 10 Best U.S. Corporations for Veteran-Owned Businesses<\/em><\/td>\n<td><\/td>\n<td><em>National Veteran-Owned Business Association (NaVOBA)<\/em><\/td>\n<\/tr>\n<tr>\n<td><em>2011<\/em><\/td>\n<td><em>Corporate One Award<\/em><\/td>\n<td><\/td>\n<td><em>Michigan Minority Business Development Council (MMBDC)<\/em><\/td>\n<\/tr>\n<tr>\n<td>2010<\/td>\n<td>Received an Outstanding Small Business Program Audit Rating<\/td>\n<td><\/td>\n<td>Defense Contracts Management Agency (DCMA)<\/td>\n<\/tr>\n<tr>\n<td><em>2010<\/em><\/td>\n<td><em>Management &amp; Operations Procurement Director of the Year \u2013 Karen Reeve<\/em><\/td>\n<td><\/td>\n<td><em>U.S. Department of Energy\u2019s Office of Small and Disadvantaged Business Utilization<\/em><\/td>\n<\/tr>\n<tr>\n<td><em>2010<\/em><\/td>\n<td><em>Inaugural Diversity Champion Award<\/em><\/td>\n<td><\/td>\n<td><em>Detroit Edison<\/em><\/td>\n<\/tr>\n<tr>\n<td><em>2009<\/em><\/td>\n<td><em>M&amp;O Small Business Program Manager Award<\/em><\/td>\n<td><\/td>\n<td><em>U.S. Department of Energy<\/em><\/td>\n<\/tr>\n<tr>\n<td><em>2009<\/em><\/td>\n<td><em>The Calmentor-Prot\u00e9g\u00e9 Program&#8217;s &#8220;Outstanding Achievement Award&#8221; awarded to Q&amp;S Engineering \u2013 A URS Mentor Prot\u00e9g\u00e9<\/em><\/td>\n<td><\/td>\n<td><em>San Diego Region of the CALTRANS &amp; San Diego Association of Governments<\/em><\/td>\n<\/tr>\n<tr>\n<td><em>2009<\/em><\/td>\n<td><em>Corporate Trail Blazer Award<\/em><\/td>\n<td><\/td>\n<td><em>Morehouse College<\/em><\/td>\n<\/tr>\n<tr>\n<td>2008<\/td>\n<td>Frances Perkins Vanguard Award for exemplary utilization of Women Owned Small Businesses<\/td>\n<td><\/td>\n<td>U.S. Small Business Administration<\/td>\n<\/tr>\n<tr>\n<td><em>2008<\/em><\/td>\n<td><em>Corporate One Award<\/em><\/td>\n<td><\/td>\n<td><em>Michigan Minority Business Development Council (MMBDC)<\/em><\/td>\n<\/tr>\n<tr>\n<td><em>2008<\/em><\/td>\n<td><em>Corporate Champion Award<\/em><\/td>\n<td><\/td>\n<td><em>Department of Veterans Affairs and Center for Veterans Enterprise<\/em><\/td>\n<\/tr>\n<tr>\n<td><em>2008<\/em><\/td>\n<td><em>Corporate Achievement Award<\/em><\/td>\n<td><\/td>\n<td><em>Department of Veterans Affairs and Center for Veterans Enterprise<\/em><\/td>\n<\/tr>\n<tr>\n<td><em>2008<\/em><\/td>\n<td><em>Veteran Small Business Award<\/em><\/td>\n<td><\/td>\n<td><em>U.S. Small Business Administration<\/em><\/td>\n<\/tr>\n<tr>\n<td><em>2007<\/em><\/td>\n<td><em>Department of Homeland Security 2007 Mentor-Prot\u00e9g\u00e9 Award with ETI Professionals, Inc<\/em><\/td>\n<td><\/td>\n<td><em>Department of Homeland Security<\/em><\/td>\n<\/tr>\n<tr>\n<td><em>2007<\/em><\/td>\n<td><em>Champion of the Year \u2013 Idaho District Award for Corporate Excellence<\/em><\/td>\n<td><\/td>\n<td><em>Dialogue on Diversity<\/em><\/td>\n<\/tr>\n<tr>\n<td>2006<\/td>\n<td>Nunn-Perry Award for Mentor-Prot\u00e9g\u00e9 Excellence (Air Force Prot\u00e9g\u00e9 ETI Professional, Inc.)<\/td>\n<td><\/td>\n<td>U.S. Department of Defense<\/td>\n<\/tr>\n<tr>\n<td>2005<\/td>\n<td>ArchTam&#8217;s nomination of Oasis Environmental wins the Small Business Subcontractor of the Year Award for SBA Region 10<\/td>\n<td><\/td>\n<td>U.S. Small Business Administration<\/td>\n<\/tr>\n<tr>\n<td><em>2005<\/em><\/td>\n<td><em>Award of Distinction<\/em><\/td>\n<td><\/td>\n<td><em>\u00a0U.S. Small Business Administration<\/em><\/td>\n<\/tr>\n<tr>\n<td><em>2005<\/em><\/td>\n<td><em>Diversity Award &#8211; Economic Growth and Development<\/em><\/td>\n<td><\/td>\n<td><em>\u00a0Los Angeles African American Chamber of Commerce<\/em><\/td>\n<\/tr>\n<tr>\n<td><em>2005<\/em><\/td>\n<td><em>Economic Development<\/em><\/td>\n<td><\/td>\n<td><em>\u00a0Arkansas Department of Economic Development<\/em><\/td>\n<\/tr>\n<tr>\n<td><em>2004<\/em><\/td>\n<td><em>Dwight D. Eisenhower Award<\/em><\/td>\n<td><\/td>\n<td><em>U.S. Small Business Administration<\/em><\/td>\n<\/tr>\n<tr>\n<td><em>2004<\/em><\/td>\n<td><em>Outstanding Small Disadvantaged Business Achievement<\/em><\/td>\n<td><\/td>\n<td><em>U.S. Department of Energy<\/em><\/td>\n<\/tr>\n<tr>\n<td>2004<\/td>\n<td>Mentor Prot\u00e9g\u00e9 Program Award<\/td>\n<td><\/td>\n<td>U.S. Department of Energy<\/td>\n<\/tr>\n<tr>\n<td>2003<\/td>\n<td>Nunn-Perry Award for Mentor-Prot\u00e9g\u00e9 Excellence (Air Force Prot\u00e9g\u00e9 Bhate Environmental Associates, Inc.)<\/td>\n<td><\/td>\n<td>U.S. Department of Defense<\/td>\n<\/tr>\n<tr>\n<td><em>2003<\/em><\/td>\n<td><em>Mentor Prot\u00e9g\u00e9 Program Award<\/em><\/td>\n<td><\/td>\n<td><em>U.S. Department of Energy<\/em><\/td>\n<\/tr>\n<tr>\n<td><em>2003<\/em><\/td>\n<td><em>Award of Distinction<\/em><\/td>\n<td><\/td>\n<td><em>U.S. Small Business Administration<\/em><\/td>\n<\/tr>\n<tr>\n<td>2001<\/td>\n<td>Certificate of Program Excellence for \u201cBest Sustained SB Program\u201d<\/td>\n<td><\/td>\n<td>San Diego Supplier Development Council<\/td>\n<\/tr>\n<tr>\n<td>2001<\/td>\n<td>Frances Perkins Vanguard Award for exemplary utilization of Women Owned Small Businesses<\/td>\n<td><\/td>\n<td>U.S. Small Business Administration<\/td>\n<\/tr>\n<tr>\n<td><em>2001<\/em><\/td>\n<td><em>Nunn-Perry Award for Mentor-Prot\u00e9g\u00e9 Excellence<\/em><\/td>\n<td><\/td>\n<td><em>U.S. Department of Defense<\/em><\/td>\n<\/tr>\n<tr>\n<td><em>2001<\/em><\/td>\n<td><em>Outstanding HUBZone Business Achievement<\/em><\/td>\n<td><\/td>\n<td><em>U.S. Department of Energy<\/em><\/td>\n<\/tr>\n<tr>\n<td><em>2000<\/em><\/td>\n<td><em>Corporation of the Year<\/em><\/td>\n<td><\/td>\n<td><em>Upstate New York Regional Minority Purchasing Council<\/em><\/td>\n<\/tr>\n<tr>\n<td><em>2000<\/em><\/td>\n<td><em>Dwight D. Eisenhower Award<\/em><\/td>\n<td><\/td>\n<td><em>U.S. Small Business Administration<\/em><\/td>\n<\/tr>\n<tr>\n<td>2000<\/td>\n<td>Award of Distinction<\/td>\n<td><\/td>\n<td>U.S. Small Business Administration<\/td>\n<\/tr>\n<tr>\n<td><em>1999<\/em><\/td>\n<td><em>Corporation of the Year Award<\/em><\/td>\n<td><\/td>\n<td><em>Carolinas Minority Supplier Development Council<\/em><\/td>\n<\/tr>\n<tr>\n<td><em>1999<\/em><\/td>\n<td><em>Government Advocate of the Year Award<\/em><\/td>\n<td><\/td>\n<td><em>Rio Grande Minority Purchasing Council<\/em><\/td>\n<\/tr>\n<tr>\n<td><em>1999<\/em><\/td>\n<td><em>Super Nova Division Award<\/em><\/td>\n<td><\/td>\n<td><em>Rio Grande Minority Purchasing Council<\/em><\/td>\n<\/tr>\n<tr>\n<td>1997<\/td>\n<td>Nunn-Perry Award for Mentor-Prot\u00e9g\u00e9 Excellence (Air Force Prot\u00e9g\u00e9 T.N. &amp; Associates, Inc.)<\/td>\n<td><\/td>\n<td>U.S. Department of Defense<\/td>\n<\/tr>\n<tr>\n<td>1996<\/td>\n<td>Received an Excellent Small Business Program Audit Rating<\/td>\n<td><\/td>\n<td>U.S. Small Business Administration<\/td>\n<\/tr>\n<\/tbody>\n<\/table>\n<p><em>Awards in Italics were received as URS Corporation.<\/em><\/p>\n","protected":false},"excerpt":{"rendered":"<p>ArchTam Small Business Program Awards \u00a0Year \u00a0Award \u00a0Awarding Organization or Agency 2024 Top 10 Military Friendly\u00ae Supplier Diversity Program VIQTORY 2023 Champions of Veteran Enterprise National Veteran Small Business Coalition (NVSBC) 2023 Top 10 Military Friendly\u00ae Supplier Diversity Program VIQTORY 2022 Best of the Best &#8211; Top Supplier Diversity Program U.S. Veterans Magazine 2022 Industry&#8230;<\/p>\n","protected":false},"author":10,"featured_media":38894,"parent":38892,"menu_order":0,"comment_status":"closed","ping_status":"closed","template":"","meta":{"_acf_changed":false,"footnotes":""},"yst_prominent_words":[],"class_list":["post-3375","page","type-page","status-publish","has-post-thumbnail","hentry"],"acf":[],"_links":{"self":[{"href":"https:\/\/www.archtam.com\/wp-json\/wp\/v2\/pages\/3375","targetHints":{"allow":["GET"]}}],"collection":[{"href":"https:\/\/www.archtam.com\/wp-json\/wp\/v2\/pages"}],"about":[{"href":"https:\/\/www.archtam.com\/wp-json\/wp\/v2\/types\/page"}],"author":[{"embeddable":true,"href":"https:\/\/www.archtam.com\/wp-json\/wp\/v2\/users\/10"}],"replies":[{"embeddable":true,"href":"https:\/\/www.archtam.com\/wp-json\/wp\/v2\/comments?post=3375"}],"version-history":[{"count":0,"href":"https:\/\/www.archtam.com\/wp-json\/wp\/v2\/pages\/3375\/revisions"}],"up":[{"embeddable":true,"href":"https:\/\/www.archtam.com\/wp-json\/wp\/v2\/pages\/38892"}],"wp:featuredmedia":[{"embeddable":true,"href":"https:\/\/www.archtam.com\/wp-json\/wp\/v2\/media\/38894"}],"wp:attachment":[{"href":"https:\/\/www.archtam.com\/wp-json\/wp\/v2\/media?parent=3375"}],"wp:term":[{"taxonomy":"yst_prominent_words","embeddable":true,"href":"https:\/\/www.archtam.com\/wp-json\/wp\/v2\/yst_prominent_words?post=3375"}],"curies":[{"name":"wp","href":"https:\/\/api.w.org\/{rel}","templated":true}]}}